{"id":909,"date":"2025-03-23T13:16:21","date_gmt":"2025-03-23T12:16:21","guid":{"rendered":"http:\/\/teszt.greenwoodsiofok.hu\/?page_id=909"},"modified":"2025-03-23T14:13:02","modified_gmt":"2025-03-23T13:13:02","slug":"adatvedelem","status":"publish","type":"page","link":"https:\/\/teszt.greenwoodsiofok.hu\/en\/adatvedelem\/","title":{"rendered":"Data protection information"},"content":{"rendered":"<div data-elementor-type=\"wp-page\" data-elementor-id=\"909\" class=\"elementor elementor-909\" data-elementor-post-type=\"page\">\n\t\t\t\t\t\t<section class=\"elementor-section elementor-top-section elementor-element elementor-element-3c2e241 elementor-section-boxed elementor-section-height-default elementor-section-height-default\" data-id=\"3c2e241\" data-element_type=\"section\">\n\t\t\t\t\t\t<div class=\"elementor-container elementor-column-gap-default\">\n\t\t\t\t\t<div class=\"elementor-column elementor-col-100 elementor-top-column elementor-element elementor-element-4f77173\" data-id=\"4f77173\" data-element_type=\"column\">\n\t\t\t<div class=\"elementor-widget-wrap elementor-element-populated\">\n\t\t\t\t\t\t<div class=\"elementor-element elementor-element-43de966 elementor-widget elementor-widget-heading\" data-id=\"43de966\" data-element_type=\"widget\" data-widget_type=\"heading.default\">\n\t\t\t\t<div class=\"elementor-widget-container\">\n\t\t\t\t\t<h4 class=\"elementor-heading-title elementor-size-default\">Important information<\/h4>\t\t\t\t<\/div>\n\t\t\t\t<\/div>\n\t\t\t\t<div class=\"elementor-element elementor-element-dfe35fa elementor-widget elementor-widget-heading\" data-id=\"dfe35fa\" data-element_type=\"widget\" data-widget_type=\"heading.default\">\n\t\t\t\t<div class=\"elementor-widget-container\">\n\t\t\t\t\t<h2 class=\"elementor-heading-title elementor-size-default\">Privacy Notice<\/h2>\t\t\t\t<\/div>\n\t\t\t\t<\/div>\n\t\t\t\t<div class=\"elementor-element elementor-element-64e813f elementor-widget elementor-widget-text-editor\" data-id=\"64e813f\" data-element_type=\"widget\" data-widget_type=\"text-editor.default\">\n\t\t\t\t<div class=\"elementor-widget-container\">\n\t\t\t\t\t\t\t\t\t<p class=\"translation-block\">An online booking system is available at www.greenwoodsiofok.hu, through which you can book accommodation at Greenwood Guesthouse.\nPlease note that in order to make a booking, you will be required to provide certain personal information, as detailed below, in order for the booking to be successful.\nIn the context of the processing of the data, the controller hereby informs you of the personal data it processes on the website, its principles and practices regarding the processing of personal data, the organisational and technical measures it has taken to protect personal data, and the ways and means by which data subjects may exercise their rights. I hereby inform you that the personal data collected will be treated confidentially, in accordance with data protection legislation and international recommendations, and in accordance with this statement.\nI further inform you that the legal regulation of the processing of personal data will change fundamentally as of 25 May 2018, as from this date Regulation 2016\/679 of the European Parliament and of the Council (EU) on the protection of natural persons with regard to the processing of personal data and on the free movement of such data, and repealing Regulation (EC) No 95\/46\/EC (General Data Protection Regulation) (hereinafter referred to as \"GDPR\") will become applicable on a mandatory basis.\nBy booking online through the website, you as a user accept the provisions of this privacy notice (hereinafter referred to as \"Privacy Notice\").<\/p><h2 class=\"wp-block-heading\">Basic concepts<\/h2><ul class=\"wp-block-list\"><li class=\"translation-block\">personal data: information relating to an identified or identifiable natural person (the data subject) which can be associated with him or her, in particular the name, identification mark and one or more factors specific to his or her physical, physiological, mental, economic, cultural or social identity, and any inference relating to him or her which can be drawn from the data.<\/li><li><em>adat\u00e1llom\u00e1ny:<\/em>\u00a0az egy nyilv\u00e1ntart\u00e1sban kezelt adatok \u00f6sszess\u00e9ge;<\/li><li class=\"translation-block\">data subject: a natural person who is identified or can be identified, directly or indairectly, on the basis of any information;<\/li><li class=\"translation-block\">processing: the performance of technical tasks related to data processing operations, irrespective of the method and means used to perform the operations and the place of application, provided that the technical task is performed on the data;<\/li><li class=\"translation-block\">third party: any natural or legal person or unincorporated body other than the data subject, the controller or the processor;<\/li><li class=\"translation-block\">data protection: the set of technologies and organisational methods that enable the integrity, usability and confidentiality of the collected data assets;<\/li><li>data breach: a breach of data security that results in the accidental or unlawful destruction, loss, alteration, unauthorised disclosure of, or access to, personal data transmitted, stored or otherwise processed;<\/li><li class=\"translation-block\">data management: Any operation or set of operations which is performed upon data, regardless of the procedure used, in particular any collection, recording, recording, organisation, structuring, storage, adaptation or alteration, use, retrieval, disclosure, transmission, dissemination or otherwise making available to the public or otherwise making accessible, alignment or combination, restriction, erasure or destruction of data or prevention of their further use, taking of photographs, sound recordings or images, or any other physical means of identification of a person (e.g. fingerprints, palm prints, DNA samples, iris scans).<\/li><li class=\"translation-block\">controller: the natural or legal person or unincorporated body which, alone or jointly with others, determines the purposes for which the data are to be processed, takes and executes decisions regarding the processing (including the means used) or requires the processor to do so.<\/li><li class=\"translation-block\">transfer: making data available to a specified third party.<\/li><li class=\"translation-block\">erasure: making data unrecognisable in such a way that it is no longer possible to recover it.<\/li><li class=\"translation-block\">limitation of processing: the marking of stored personal data for the purpose of limiting their future processing;<\/li><li class=\"translation-block\">consent: a voluntary, explicit and unambiguous indication of the data subject's wishes, based on specific and adequate information, by which the data subject signifies his or her agreement to the processing of personal data concerning him or her, either in full or in relation to specific operations, by means of a statement or an act which unambiguously expresses his or her consent. Consent shall be deemed to be given if the data subject, when consulting the website or when finalising a reservation, ticks a corresponding box or makes the relevant technical settings, or by any other statement or action which, in the context of the particular case, unambiguously indicates his or her consent to the intended processing of personal data.<\/li><li class=\"translation-block\">mandatory data processing: where the processing is required by law or, on the basis of a law, by a local government decree within the scope specified therein, for a purpose in the public interest.<\/li><li class=\"translation-block\">disclosure: making the data available to anyone.<\/li><li class=\"translation-block\">profiling: any form of automated processing of personal data by which personal data are used to evaluate or predict certain personal aspects relating to a natural person, in particular to analyse or predict characteristics associated with the performance at work, economic situation, health, personal preferences, interests, reliability, behaviour, location or movements of that person.<\/li><\/ul><h2 class=\"wp-block-heading\">Name and contact details of the controller<\/h2><p class=\"translation-block\">Data Controller's name: Andr\u00e1ssy G\u00e1bor\nData Controller's contact details: address: 8600 Si\u00f3fok, V\u00e9csey K\u00e1roly u. 11\nphone number: +36 30 477 0010\ne-mail address: info@greenwoodsiofok.hu<\/p><h2 class=\"wp-block-heading\">Purpose of data processing<\/h2><p class=\"translation-block\">The Data Controller processes the personal data of Guests for the following purposes:\nPrimarily for the purpose of making a reservation at Greenwood Guesthouse, it is necessary to provide certain personal data, as detailed below.\nWe also need your personal data to issue an invoice for the accommodation.\nWe also need your personal data for the purposes of communicating with you about your booking, so that we can inform you if any material circumstances arise that you need to know about.<\/p><h2 class=\"wp-block-heading\">Legal basis for processing<\/h2><p class=\"translation-block\">The Data Controller processes the personal data of the Guests on the following legal basis:\nFor the purpose of point III. a), Article 6(1)(b) GDPR, i.e. the performance of a contract to which the Guest, as the data subject, is a party.\nFor the purpose of Article III. b), Article 6(1) c) GDPR, i.e. the fulfilment of a legal obligation on the controller, namely the obligation to prepare a receipt or invoice.\nFor the purpose of point III. c), the data are processed on the basis of Article 6(1)(a) of the GDPR, in order to provide you with adequate information on the material circumstances of the contractual relationship.\nWhere processing is necessary for other purposes or on other legal bases than those mentioned above, the controller must inform the data subject individually, prior to the start of the processing, of all relevant information and of their rights in relation to the processing to be carried out.<\/p><h2 class=\"\" data-start=\"914\" data-end=\"946\">Reservation system (NetHotel)<\/h2><p class=\"translation-block\" data-start=\"948\" data-end=\"1083\">The booking platform on the website is a system provided by an external partner, NetHotel, which acts as a separate data controller. Personal data provided during the booking process is received and processed directly by NetHotel.\nTheir privacy policy is available at the link below: NetHotel Privacy Policy<\/p><p class=\"\" data-start=\"1352\" data-end=\"1439\">We recommend that you read NetHotel's own privacy policy before booking.<\/p><h2 class=\"wp-block-heading\">Scope of the data processed<\/h2><p class=\"translation-block\">The use of the online booking platform on the website of the Data Controller does not require a separate registration, but the following personal data are required for the booking:\nName (first and last name),\nPhone number,\nE-mail address,\nBilling address.<\/p><h2 class=\"wp-block-heading\">Duration of data management<\/h2><p class=\"translation-block\">The processing of the data concerning the Guest's telephone number and e-mail address starts from the time of the booking and is deleted after the Guest leaves the Guest House.\nThe data concerning the Guest's name and billing address will be processed for the period of 8 (eight) years, as stipulated by the Accounting Act, after which the data will be destroyed by the Data Controller.<\/p><h2 class=\"wp-block-heading\">Data protection<\/h2><p class=\"translation-block\">The Data Controller will take all necessary steps to ensure the security of the personal data provided by the Guests, both in the network system and in the storage and safekeeping of the data.\nThe reservation system through the website of the Data Controller is hosted by an external secure hosting service provider, which does not have access to the data managed on this hosting. The data controller's work processes are carried out on a computer protected by password and antivirus.<\/p><p>VIII. Guest's rights and means of enforcement:<\/p><p class=\"translation-block\">The Guest has the right to receive feedback from the controller as to whether his\/her personal data are being processed and, if so, to be informed of the data processed and of any relevant information concerning the processing.\nThe Guest may request the controller to correct inaccurate personal data relating to him\/her without undue delay. Taking into account the purpose of the processing, he\/she may request the integration of his\/her personal data.\nYou may request the erasure of your personal data, except where the processing is necessary for compliance with the controller's legal obligations or for the establishment, exercise or defence of legal claims. The controller shall erase personal data without undue delay if the processing is unlawful, incomplete or inaccurate, if the purpose of the processing has ceased or the period for which the data were stored has expired or if a court or public authority has ordered the erasure, or if the erasure is necessary for compliance with a legal obligation to which the controller is subject.\nWhere the controller processes personal data on the basis of the data subject's consent, the data subject may withdraw that consent. If there is no other legal basis for the processing, the controller shall erase the personal data concerned by the withdrawn consent.\nThe Customer shall have the right to obtain, at the request of the controller, the restriction of processing where\nthe Customer contests the accuracy of the personal data - for the time necessary to verify the accuracy;\nthe processing is unlawful but the Customer opposes the erasure of the data and the processing is unlawful for the time necessary to verify the accuracy of the personal data; or the processing is unlawful, but the Customer opposes the erasure of the data and requests the restriction of use;\nthe controller no longer needs the personal data for the purposes of the processing, but the data subject requires them for the establishment, exercise or defence of legal claims; or the data subject objects to the processing of his or her data on grounds of public interest or the legitimate interests of the controller or a third party.\nDuring the restriction period, the controller shall not use the personal data for any purpose other than storage.\nWhere the Guest exercises his rights, the controller shall examine the data subject's request and take the necessary measures and inform the Guest of those measures or the reasons for not taking them within one month of receipt of the request.\nThe Customer may send his\/her request for data processing to the controller referred to in point I to the address or e-mail address indicated in the same point.\nIn the event of a breach of his\/her rights, the data subject may bring an action before the competent court at the address of the controller or, at his\/her option, at the competent court at his\/her place of residence or, failing that, at the place of his\/her domicile.\nFurthermore, the Guest may lodge a complaint with the National Authority for Data Protection and Freedom of Information (1125 Budapest, Szil\u00e1gyi Erzs\u00e9bet Fasor 22\/c., hereinafter referred to as \"NAIH\") and initiate an investigation on the grounds that a violation of rights has occurred or is imminent with regard to the processing of his\/her personal data.<\/p><p>\u00a0<\/p><p class=\"translation-block\">Important notice:\nThe Hungarian version of this privacy notice is the authentic version.\nThe English and German translations are for information purposes only.<\/p>\t\t\t\t\t\t\t\t<\/div>\n\t\t\t\t<\/div>\n\t\t\t\t\t<\/div>\n\t\t<\/div>\n\t\t\t\t\t<\/div>\n\t\t<\/section>\n\t\t\t\t<\/div>","protected":false},"excerpt":{"rendered":"<p>Fontos tudnival\u00f3k Adatv\u00e9delmi t\u00e1j\u00e9koztat\u00f3 A www.greenwoodsiofok.hu oldalon egy online foglal\u00e1si rendszer \u00e9rhet\u0151 el, amelyen kereszt\u00fcl a Greenwood Vend\u00e9gh\u00e1z-ba ny\u00edlik lehet\u0151s\u00e9g\u00fck sz\u00e1ll\u00e1st foglalni.T\u00e1j\u00e9koztatom \u00d6n\u00f6ket, hogy a foglal\u00e1shoz bizonyos, az al\u00e1bbiakban r\u00e9szletezett szem\u00e9lyes adataiknak a megad\u00e1sa sz\u00fcks\u00e9ges a foglal\u00e1s sikeress\u00e9g\u00e9hez.Az adatok kezel\u00e9s\u00e9vel \u00f6sszef\u00fcgg\u00e9sben az adatkezel\u0151 ez\u00faton t\u00e1j\u00e9koztatja \u00d6n\u00f6ket a honlapon \u00e1ltala kezelt szem\u00e9lyes adatokr\u00f3l, a szem\u00e9lyes adatok [&hellip;]<\/p>","protected":false},"author":1,"featured_media":0,"parent":0,"menu_order":0,"comment_status":"closed","ping_status":"closed","template":"elementor_header_footer","meta":{"footnotes":""},"class_list":["post-909","page","type-page","status-publish","hentry"],"yoast_head":"<!-- This site is optimized with the Yoast SEO Premium plugin v24.7 (Yoast SEO v24.7) - https:\/\/yoast.com\/wordpress\/plugins\/seo\/ -->\n<title>Adatkezel\u00e9si t\u00e1j\u00e9koztat\u00f3 - Greenwood Si\u00f3fok<\/title>\n<meta name=\"robots\" content=\"index, follow, max-snippet:-1, max-image-preview:large, max-video-preview:-1\" \/>\n<link rel=\"canonical\" href=\"https:\/\/teszt.greenwoodsiofok.hu\/en\/adatvedelem\/\" \/>\n<meta property=\"og:locale\" content=\"en_GB\" \/>\n<meta property=\"og:type\" content=\"article\" \/>\n<meta property=\"og:title\" content=\"Adatkezel\u00e9si t\u00e1j\u00e9koztat\u00f3\" \/>\n<meta property=\"og:description\" content=\"Fontos tudnival\u00f3k Adatv\u00e9delmi t\u00e1j\u00e9koztat\u00f3 A www.greenwoodsiofok.hu oldalon egy online foglal\u00e1si rendszer \u00e9rhet\u0151 el, amelyen kereszt\u00fcl a Greenwood Vend\u00e9gh\u00e1z-ba ny\u00edlik lehet\u0151s\u00e9g\u00fck sz\u00e1ll\u00e1st foglalni.T\u00e1j\u00e9koztatom \u00d6n\u00f6ket, hogy a foglal\u00e1shoz bizonyos, az al\u00e1bbiakban r\u00e9szletezett szem\u00e9lyes adataiknak a megad\u00e1sa sz\u00fcks\u00e9ges a foglal\u00e1s sikeress\u00e9g\u00e9hez.Az adatok kezel\u00e9s\u00e9vel \u00f6sszef\u00fcgg\u00e9sben az adatkezel\u0151 ez\u00faton t\u00e1j\u00e9koztatja \u00d6n\u00f6ket a honlapon \u00e1ltala kezelt szem\u00e9lyes adatokr\u00f3l, a szem\u00e9lyes adatok [&hellip;]\" \/>\n<meta property=\"og:url\" content=\"https:\/\/teszt.greenwoodsiofok.hu\/en\/adatvedelem\/\" \/>\n<meta property=\"og:site_name\" content=\"Greenwood Si\u00f3fok\" \/>\n<meta property=\"article:publisher\" content=\"https:\/\/www.facebook.com\/greenwoodsiofok\" \/>\n<meta property=\"article:modified_time\" content=\"2025-03-23T13:13:02+00:00\" \/>\n<meta name=\"twitter:card\" content=\"summary_large_image\" \/>\n<meta name=\"twitter:label1\" content=\"Estimated reading time\" \/>\n\t<meta name=\"twitter:data1\" content=\"8 minutes\" \/>\n<script type=\"application\/ld+json\" class=\"yoast-schema-graph\">{\"@context\":\"https:\/\/schema.org\",\"@graph\":[{\"@type\":\"WebPage\",\"@id\":\"https:\/\/teszt.greenwoodsiofok.hu\/adatvedelem\/\",\"url\":\"https:\/\/teszt.greenwoodsiofok.hu\/adatvedelem\/\",\"name\":\"Adatkezel\u00e9si t\u00e1j\u00e9koztat\u00f3 - Greenwood Si\u00f3fok\",\"isPartOf\":{\"@id\":\"https:\/\/teszt.greenwoodsiofok.hu\/#website\"},\"datePublished\":\"2025-03-23T12:16:21+00:00\",\"dateModified\":\"2025-03-23T13:13:02+00:00\",\"breadcrumb\":{\"@id\":\"https:\/\/teszt.greenwoodsiofok.hu\/adatvedelem\/#breadcrumb\"},\"inLanguage\":\"en-GB\",\"potentialAction\":[{\"@type\":\"ReadAction\",\"target\":[\"https:\/\/teszt.greenwoodsiofok.hu\/adatvedelem\/\"]}]},{\"@type\":\"BreadcrumbList\",\"@id\":\"https:\/\/teszt.greenwoodsiofok.hu\/adatvedelem\/#breadcrumb\",\"itemListElement\":[{\"@type\":\"ListItem\",\"position\":1,\"name\":\"Kezd\u0151lap\",\"item\":\"https:\/\/teszt.greenwoodsiofok.hu\/\"},{\"@type\":\"ListItem\",\"position\":2,\"name\":\"Adatkezel\u00e9si t\u00e1j\u00e9koztat\u00f3\"}]},{\"@type\":\"WebSite\",\"@id\":\"https:\/\/teszt.greenwoodsiofok.hu\/#website\",\"url\":\"https:\/\/teszt.greenwoodsiofok.hu\/\",\"name\":\"Greenwood Si\u00f3fok\",\"description\":\"\",\"publisher\":{\"@id\":\"https:\/\/teszt.greenwoodsiofok.hu\/#organization\"},\"potentialAction\":[{\"@type\":\"SearchAction\",\"target\":{\"@type\":\"EntryPoint\",\"urlTemplate\":\"https:\/\/teszt.greenwoodsiofok.hu\/?s={search_term_string}\"},\"query-input\":{\"@type\":\"PropertyValueSpecification\",\"valueRequired\":true,\"valueName\":\"search_term_string\"}}],\"inLanguage\":\"en-GB\"},{\"@type\":\"Organization\",\"@id\":\"https:\/\/teszt.greenwoodsiofok.hu\/#organization\",\"name\":\"Greenwood Si\u00f3fok vend\u00e9gh\u00e1z\",\"url\":\"https:\/\/teszt.greenwoodsiofok.hu\/\",\"logo\":{\"@type\":\"ImageObject\",\"inLanguage\":\"en-GB\",\"@id\":\"https:\/\/teszt.greenwoodsiofok.hu\/#\/schema\/logo\/image\/\",\"url\":\"https:\/\/teszt.greenwoodsiofok.hu\/wp-content\/uploads\/2025\/03\/GreenWoodSiofok_Main_Final.png\",\"contentUrl\":\"https:\/\/teszt.greenwoodsiofok.hu\/wp-content\/uploads\/2025\/03\/GreenWoodSiofok_Main_Final.png\",\"width\":1024,\"height\":1024,\"caption\":\"Greenwood Si\u00f3fok vend\u00e9gh\u00e1z\"},\"image\":{\"@id\":\"https:\/\/teszt.greenwoodsiofok.hu\/#\/schema\/logo\/image\/\"},\"sameAs\":[\"https:\/\/www.facebook.com\/greenwoodsiofok\"]}]}<\/script>\n<!-- \/ Yoast SEO Premium plugin. -->","yoast_head_json":{"title":"Adatkezel\u00e9si t\u00e1j\u00e9koztat\u00f3 - Greenwood Si\u00f3fok","robots":{"index":"index","follow":"follow","max-snippet":"max-snippet:-1","max-image-preview":"max-image-preview:large","max-video-preview":"max-video-preview:-1"},"canonical":"https:\/\/teszt.greenwoodsiofok.hu\/en\/adatvedelem\/","og_locale":"en_GB","og_type":"article","og_title":"Adatkezel\u00e9si t\u00e1j\u00e9koztat\u00f3","og_description":"Fontos tudnival\u00f3k Adatv\u00e9delmi t\u00e1j\u00e9koztat\u00f3 A www.greenwoodsiofok.hu oldalon egy online foglal\u00e1si rendszer \u00e9rhet\u0151 el, amelyen kereszt\u00fcl a Greenwood Vend\u00e9gh\u00e1z-ba ny\u00edlik lehet\u0151s\u00e9g\u00fck sz\u00e1ll\u00e1st foglalni.T\u00e1j\u00e9koztatom \u00d6n\u00f6ket, hogy a foglal\u00e1shoz bizonyos, az al\u00e1bbiakban r\u00e9szletezett szem\u00e9lyes adataiknak a megad\u00e1sa sz\u00fcks\u00e9ges a foglal\u00e1s sikeress\u00e9g\u00e9hez.Az adatok kezel\u00e9s\u00e9vel \u00f6sszef\u00fcgg\u00e9sben az adatkezel\u0151 ez\u00faton t\u00e1j\u00e9koztatja \u00d6n\u00f6ket a honlapon \u00e1ltala kezelt szem\u00e9lyes adatokr\u00f3l, a szem\u00e9lyes adatok [&hellip;]","og_url":"https:\/\/teszt.greenwoodsiofok.hu\/en\/adatvedelem\/","og_site_name":"Greenwood Si\u00f3fok","article_publisher":"https:\/\/www.facebook.com\/greenwoodsiofok","article_modified_time":"2025-03-23T13:13:02+00:00","twitter_card":"summary_large_image","twitter_misc":{"Estimated reading time":"8 minutes"},"schema":{"@context":"https:\/\/schema.org","@graph":[{"@type":"WebPage","@id":"https:\/\/teszt.greenwoodsiofok.hu\/adatvedelem\/","url":"https:\/\/teszt.greenwoodsiofok.hu\/adatvedelem\/","name":"Adatkezel\u00e9si t\u00e1j\u00e9koztat\u00f3 - Greenwood Si\u00f3fok","isPartOf":{"@id":"https:\/\/teszt.greenwoodsiofok.hu\/#website"},"datePublished":"2025-03-23T12:16:21+00:00","dateModified":"2025-03-23T13:13:02+00:00","breadcrumb":{"@id":"https:\/\/teszt.greenwoodsiofok.hu\/adatvedelem\/#breadcrumb"},"inLanguage":"en-GB","potentialAction":[{"@type":"ReadAction","target":["https:\/\/teszt.greenwoodsiofok.hu\/adatvedelem\/"]}]},{"@type":"BreadcrumbList","@id":"https:\/\/teszt.greenwoodsiofok.hu\/adatvedelem\/#breadcrumb","itemListElement":[{"@type":"ListItem","position":1,"name":"Kezd\u0151lap","item":"https:\/\/teszt.greenwoodsiofok.hu\/"},{"@type":"ListItem","position":2,"name":"Adatkezel\u00e9si t\u00e1j\u00e9koztat\u00f3"}]},{"@type":"WebSite","@id":"https:\/\/teszt.greenwoodsiofok.hu\/#website","url":"https:\/\/teszt.greenwoodsiofok.hu\/","name":"Greenwood Si\u00f3fok","description":"","publisher":{"@id":"https:\/\/teszt.greenwoodsiofok.hu\/#organization"},"potentialAction":[{"@type":"SearchAction","target":{"@type":"EntryPoint","urlTemplate":"https:\/\/teszt.greenwoodsiofok.hu\/?s={search_term_string}"},"query-input":{"@type":"PropertyValueSpecification","valueRequired":true,"valueName":"search_term_string"}}],"inLanguage":"en-GB"},{"@type":"Organization","@id":"https:\/\/teszt.greenwoodsiofok.hu\/#organization","name":"Greenwood Si\u00f3fok vend\u00e9gh\u00e1z","url":"https:\/\/teszt.greenwoodsiofok.hu\/","logo":{"@type":"ImageObject","inLanguage":"en-GB","@id":"https:\/\/teszt.greenwoodsiofok.hu\/#\/schema\/logo\/image\/","url":"https:\/\/teszt.greenwoodsiofok.hu\/wp-content\/uploads\/2025\/03\/GreenWoodSiofok_Main_Final.png","contentUrl":"https:\/\/teszt.greenwoodsiofok.hu\/wp-content\/uploads\/2025\/03\/GreenWoodSiofok_Main_Final.png","width":1024,"height":1024,"caption":"Greenwood Si\u00f3fok vend\u00e9gh\u00e1z"},"image":{"@id":"https:\/\/teszt.greenwoodsiofok.hu\/#\/schema\/logo\/image\/"},"sameAs":["https:\/\/www.facebook.com\/greenwoodsiofok"]}]}},"_links":{"self":[{"href":"https:\/\/teszt.greenwoodsiofok.hu\/en\/wp-json\/wp\/v2\/pages\/909","targetHints":{"allow":["GET"]}}],"collection":[{"href":"https:\/\/teszt.greenwoodsiofok.hu\/en\/wp-json\/wp\/v2\/pages"}],"about":[{"href":"https:\/\/teszt.greenwoodsiofok.hu\/en\/wp-json\/wp\/v2\/types\/page"}],"author":[{"embeddable":true,"href":"https:\/\/teszt.greenwoodsiofok.hu\/en\/wp-json\/wp\/v2\/users\/1"}],"replies":[{"embeddable":true,"href":"https:\/\/teszt.greenwoodsiofok.hu\/en\/wp-json\/wp\/v2\/comments?post=909"}],"version-history":[{"count":13,"href":"https:\/\/teszt.greenwoodsiofok.hu\/en\/wp-json\/wp\/v2\/pages\/909\/revisions"}],"predecessor-version":[{"id":934,"href":"https:\/\/teszt.greenwoodsiofok.hu\/en\/wp-json\/wp\/v2\/pages\/909\/revisions\/934"}],"wp:attachment":[{"href":"https:\/\/teszt.greenwoodsiofok.hu\/en\/wp-json\/wp\/v2\/media?parent=909"}],"curies":[{"name":"wp","href":"https:\/\/api.w.org\/{rel}","templated":true}]}}