{"id":47,"date":"2025-03-04T13:49:04","date_gmt":"2025-03-04T12:49:04","guid":{"rendered":"http:\/\/teszt.greenwoodsiofok.hu\/careers\/"},"modified":"2025-03-23T00:07:25","modified_gmt":"2025-03-22T23:07:25","slug":"hazirend","status":"publish","type":"page","link":"https:\/\/teszt.greenwoodsiofok.hu\/en\/hazirend\/","title":{"rendered":"Policies"},"content":{"rendered":"<div data-elementor-type=\"wp-post\" data-elementor-id=\"47\" class=\"elementor elementor-47\" data-elementor-post-type=\"page\">\n\t\t\t\t\t\t<section class=\"elementor-section elementor-top-section elementor-element elementor-element-03e0810 elementor-section-height-min-height elementor-section-boxed elementor-section-height-default elementor-section-items-middle\" data-id=\"03e0810\" data-element_type=\"section\" data-settings=\"{&quot;background_background&quot;:&quot;classic&quot;}\">\n\t\t\t\t\t\t<div class=\"elementor-container elementor-column-gap-default\">\n\t\t\t\t\t<div class=\"elementor-column elementor-col-100 elementor-top-column elementor-element elementor-element-c6663a2\" data-id=\"c6663a2\" data-element_type=\"column\">\n\t\t\t<div class=\"elementor-widget-wrap elementor-element-populated\">\n\t\t\t\t\t\t<div class=\"elementor-element elementor-element-0f84979 elementor-widget elementor-widget-theme-site-logo elementor-widget-image\" data-id=\"0f84979\" data-element_type=\"widget\" data-widget_type=\"theme-site-logo.default\">\n\t\t\t\t<div class=\"elementor-widget-container\">\n\t\t\t\t\t\t\t\t\t\t\t<a href=\"https:\/\/teszt.greenwoodsiofok.hu\/en\">\n\t\t\t<img fetchpriority=\"high\" decoding=\"async\" width=\"1024\" height=\"1024\" src=\"https:\/\/teszt.greenwoodsiofok.hu\/wp-content\/uploads\/2025\/03\/GreenWoodSiofok_Main_Final.png\" class=\"attachment-full size-full wp-image-944\" alt=\"\" srcset=\"https:\/\/teszt.greenwoodsiofok.hu\/wp-content\/uploads\/2025\/03\/GreenWoodSiofok_Main_Final.png 1024w, https:\/\/teszt.greenwoodsiofok.hu\/wp-content\/uploads\/2025\/03\/GreenWoodSiofok_Main_Final-300x300.png 300w, https:\/\/teszt.greenwoodsiofok.hu\/wp-content\/uploads\/2025\/03\/GreenWoodSiofok_Main_Final-150x150.png 150w, https:\/\/teszt.greenwoodsiofok.hu\/wp-content\/uploads\/2025\/03\/GreenWoodSiofok_Main_Final-768x768.png 768w, https:\/\/teszt.greenwoodsiofok.hu\/wp-content\/uploads\/2025\/03\/GreenWoodSiofok_Main_Final-12x12.png 12w\" sizes=\"(max-width: 1024px) 100vw, 1024px\" \/>\t\t\t\t<\/a>\n\t\t\t\t\t\t\t\t\t\t\t<\/div>\n\t\t\t\t<\/div>\n\t\t\t\t<div class=\"elementor-element elementor-element-4882521 elementor-widget-divider--view-line elementor-widget elementor-widget-divider\" data-id=\"4882521\" data-element_type=\"widget\" data-widget_type=\"divider.default\">\n\t\t\t\t<div class=\"elementor-widget-container\">\n\t\t\t\t\t\t\t<div class=\"elementor-divider\">\n\t\t\t<span class=\"elementor-divider-separator\">\n\t\t\t\t\t\t<\/span>\n\t\t<\/div>\n\t\t\t\t\t\t<\/div>\n\t\t\t\t<\/div>\n\t\t\t\t<div class=\"elementor-element elementor-element-5c799f2 elementor-widget elementor-widget-heading\" data-id=\"5c799f2\" data-element_type=\"widget\" data-widget_type=\"heading.default\">\n\t\t\t\t<div class=\"elementor-widget-container\">\n\t\t\t\t\t<h2 class=\"elementor-heading-title elementor-size-default\">POLICIES<\/h2>\t\t\t\t<\/div>\n\t\t\t\t<\/div>\n\t\t\t\t\t<\/div>\n\t\t<\/div>\n\t\t\t\t\t<\/div>\n\t\t<\/section>\n\t\t\t\t<section class=\"elementor-section elementor-top-section elementor-element elementor-element-1391a173 elementor-section-boxed elementor-section-height-default elementor-section-height-default\" data-id=\"1391a173\" data-element_type=\"section\">\n\t\t\t\t\t\t<div class=\"elementor-container elementor-column-gap-default\">\n\t\t\t\t\t<div class=\"elementor-column elementor-col-100 elementor-top-column elementor-element elementor-element-44a58cd0\" data-id=\"44a58cd0\" data-element_type=\"column\">\n\t\t\t<div class=\"elementor-widget-wrap elementor-element-populated\">\n\t\t\t\t\t\t<div class=\"elementor-element elementor-element-5a4217c0 elementor-widget elementor-widget-heading\" data-id=\"5a4217c0\" data-element_type=\"widget\" data-widget_type=\"heading.default\">\n\t\t\t\t<div class=\"elementor-widget-container\">\n\t\t\t\t\t<h4 class=\"elementor-heading-title elementor-size-default\">Important information<\/h4>\t\t\t\t<\/div>\n\t\t\t\t<\/div>\n\t\t\t\t<div class=\"elementor-element elementor-element-5d9fe9b0 elementor-widget elementor-widget-heading\" data-id=\"5d9fe9b0\" data-element_type=\"widget\" data-widget_type=\"heading.default\">\n\t\t\t\t<div class=\"elementor-widget-container\">\n\t\t\t\t\t<h2 class=\"elementor-heading-title elementor-size-default\">Welcome to GreenWood Guesthouse!<\/h2>\t\t\t\t<\/div>\n\t\t\t\t<\/div>\n\t\t\t\t<div class=\"elementor-element elementor-element-12ea909 elementor-widget elementor-widget-text-editor\" data-id=\"12ea909\" data-element_type=\"widget\" data-widget_type=\"text-editor.default\">\n\t\t\t\t<div class=\"elementor-widget-container\">\n\t\t\t\t\t\t\t\t\t<p>Our aim is to ensure your relaxation and to avoid any misunderstandings, so we would like you to familiarise yourself with our policies!<\/p><p>By making a reservation, you declare that you have read and understood the policy and that you accept it as binding on yourself and your fellow passengers.<\/p><p><i>We operate our guest house as a private accommodation.<\/i><\/p><ol><li><p>Upon arrival, guests are required to hand over their personal documents (passport or ID card, address card) and the amount payable on the spot to the host for identification purposes. Guests are only allowed to book rooms after payment of the full participation fee!<\/p><\/li><li><p>The full participation fee is for the days booked in advance, in case you decide to cancel your stay earlier, we will not be able to refund your money!<\/p><\/li><li><p>Payment methods: cash, credit card, SZ\u00c9P card. Tourist tax cannot be paid by SZ\u00c9P card!<\/p><\/li><li><p>Accommodation can be booked between 14.00 and 20.00 on the day of arrival. If you arrive later, please inform us by phone!<\/p><\/li><li><p>You must leave the accommodation by 10:00 on the day of departure!<\/p><\/li><li><p>The operator is available for guests on arrival and departure!<\/p><\/li><li><p>Guests will also receive room and gate keys on arrival, so they can move around freely. On the day of departure, please leave the key outside the room door!<\/p><\/li><li><p>In case of loss of the keys, the Guest is obliged to inform us immediately and to reimburse the costs involved!<\/p><\/li><li><p>Parking is free for guests!<\/p><\/li><li><p>Only guests whose details are recorded in our system are allowed to stay at the accommodation!<\/p><\/li><li><p>In consideration of the silence ordinance and our other guests, please refrain from any noisy activities! We also ask you to move quietly in the building when you return home at night or at dawn, taking into account the peace and quiet of others!<\/p><\/li><li><p>No smoking in our rooms, only in the courtyard, no smoking in windows! (All alternative tobacco products apply!) Please dispose of cigarette butts in the ashtrays provided for this purpose.<\/p><\/li><li><p>Animals are only allowed with the owner's permission and a fee is payable in advance.<\/p><\/li><li><p>We are not responsible for any personal belongings left in the rooms!<\/p><\/li><li><p>Please keep the house tidy, take care of the equipment and do not take it out of the room (e.g. towels, pillows, blankets).<\/p><\/li><li><p>When leaving the rooms, please turn off the water, electricity, air conditioning, close the window and lock the door.<\/p><\/li><li><p>It is forbidden to bring any kind of flammable material or equipment into the rooms!<\/p><\/li><li><p>Damage caused on the premises of the accommodation must be compensated by the person who caused the damage or his\/her legal representative.<\/p><\/li><li><p>We reserve the right to select our guests. We do not accept drunk or aggressive guests!<\/p><\/li><li><p>The Wifi is free, the password is: Greenwood23<\/p><\/li><li><p>Services available on request from the operator: iron, ironing board.<\/p><\/li><li><p>The owner has the right to cancel the accommodation if the guest does not respect the house rules!<\/p><\/li><li><p>In case of non-compliance, the accommodation may be cancelled. In this case, we will not be able to refund any remaining days!<\/p><\/li><li><p>By using the accommodation it is understood that the guest has read, understood and accepted the terms and conditions of the house rules!<\/p><\/li><li><p>For longer stays, bed linen change and cleaning service is provided!<\/p><\/li><\/ol><p>If you are satisfied with the services provided, please write a review on our online reviews page. Any complaints will be taken into account and will be dealt with in person, during working hours from 09:00 to 20:00.\u00a0<\/p><p>Enjoy your stay and have a good rest!<\/p><p>Andr\u00e1ssy G\u00e1bor and L\u00edvia<\/p><p>0-24 Helpline: +36 20 2099360<\/p>\t\t\t\t\t\t\t\t<\/div>\n\t\t\t\t<\/div>\n\t\t\t\t\t<\/div>\n\t\t<\/div>\n\t\t\t\t\t<\/div>\n\t\t<\/section>\n\t\t\t\t<\/div>","protected":false},"excerpt":{"rendered":"<p>H\u00c1ZIREND Fontos tudnival\u00f3k \u00dcdv\u00f6z\u00f6lj\u00fck a GreenWood Vend\u00e9gh\u00e1zban! C\u00e9lunk, hogy biztos\u00edtsuk az \u00d6n kellemes pihen\u00e9s\u00e9t \u00e9s elker\u00fclj\u00fck az esetleges f\u00e9lre\u00e9rt\u00e9seket, ez\u00e9rt szeretn\u00e9nk, ha megismerkedne h\u00e1zirend\u00fcnkkel! A foglal\u00e1sn\u00e1l \u00d6n kijelenti, hogy a h\u00e1zirendet megismerte \u00e9s meg\u00e9rtette, azt mag\u00e1ra \u00e9s utast\u00e1rsaira n\u00e9zve is k\u00f6telez\u0151en elfogadja. A vend\u00e9gh\u00e1zunkat mag\u00e1nsz\u00e1ll\u00e1s keretein bel\u00fcl m\u0171k\u00f6dtetj\u00fck. \u00c9rkez\u00e9skor a vend\u00e9g k\u00f6teles a sz\u00e1ll\u00e1sad\u00f3nak \u00e1tadni [&hellip;]<\/p>","protected":false},"author":1,"featured_media":0,"parent":0,"menu_order":0,"comment_status":"closed","ping_status":"closed","template":"elementor_header_footer","meta":{"footnotes":""},"class_list":["post-47","page","type-page","status-publish","hentry"],"yoast_head":"<!-- This site is optimized with the Yoast SEO Premium plugin v24.7 (Yoast SEO v24.7) - https:\/\/yoast.com\/wordpress\/plugins\/seo\/ -->\n<title>H\u00e1zirend - Greenwood Si\u00f3fok<\/title>\n<meta name=\"description\" content=\"Ismerd meg vend\u00e9gh\u00e1zunk h\u00e1zirendj\u00e9t! Fontos tudnival\u00f3k a foglal\u00e1sr\u00f3l, kis\u00e1llatok elhelyez\u00e9s\u00e9r\u0151l \u00e9s a nyugodt pihen\u00e9s felt\u00e9teleir\u0151l.\" \/>\n<meta name=\"robots\" content=\"index, follow, max-snippet:-1, max-image-preview:large, max-video-preview:-1\" \/>\n<link rel=\"canonical\" href=\"https:\/\/teszt.greenwoodsiofok.hu\/en\/hazirend\/\" \/>\n<meta property=\"og:locale\" content=\"en_GB\" \/>\n<meta property=\"og:type\" content=\"article\" \/>\n<meta property=\"og:title\" content=\"H\u00e1zirend\" \/>\n<meta property=\"og:description\" content=\"Ismerd meg vend\u00e9gh\u00e1zunk h\u00e1zirendj\u00e9t! Fontos tudnival\u00f3k a foglal\u00e1sr\u00f3l, kis\u00e1llatok elhelyez\u00e9s\u00e9r\u0151l \u00e9s a nyugodt pihen\u00e9s felt\u00e9teleir\u0151l.\" \/>\n<meta property=\"og:url\" content=\"https:\/\/teszt.greenwoodsiofok.hu\/en\/hazirend\/\" \/>\n<meta property=\"og:site_name\" content=\"Greenwood Si\u00f3fok\" \/>\n<meta property=\"article:publisher\" content=\"https:\/\/www.facebook.com\/greenwoodsiofok\" \/>\n<meta property=\"article:modified_time\" content=\"2025-03-22T23:07:25+00:00\" \/>\n<meta name=\"twitter:card\" content=\"summary_large_image\" \/>\n<meta name=\"twitter:label1\" content=\"Estimated reading time\" \/>\n\t<meta name=\"twitter:data1\" content=\"3 minutes\" \/>\n<script type=\"application\/ld+json\" class=\"yoast-schema-graph\">{\"@context\":\"https:\/\/schema.org\",\"@graph\":[{\"@type\":\"WebPage\",\"@id\":\"https:\/\/teszt.greenwoodsiofok.hu\/hazirend\/\",\"url\":\"https:\/\/teszt.greenwoodsiofok.hu\/hazirend\/\",\"name\":\"H\u00e1zirend - Greenwood Si\u00f3fok\",\"isPartOf\":{\"@id\":\"https:\/\/teszt.greenwoodsiofok.hu\/#website\"},\"datePublished\":\"2025-03-04T12:49:04+00:00\",\"dateModified\":\"2025-03-22T23:07:25+00:00\",\"description\":\"Ismerd meg vend\u00e9gh\u00e1zunk h\u00e1zirendj\u00e9t! Fontos tudnival\u00f3k a foglal\u00e1sr\u00f3l, kis\u00e1llatok elhelyez\u00e9s\u00e9r\u0151l \u00e9s a nyugodt pihen\u00e9s felt\u00e9teleir\u0151l.\",\"breadcrumb\":{\"@id\":\"https:\/\/teszt.greenwoodsiofok.hu\/hazirend\/#breadcrumb\"},\"inLanguage\":\"en-GB\",\"potentialAction\":[{\"@type\":\"ReadAction\",\"target\":[\"https:\/\/teszt.greenwoodsiofok.hu\/hazirend\/\"]}]},{\"@type\":\"BreadcrumbList\",\"@id\":\"https:\/\/teszt.greenwoodsiofok.hu\/hazirend\/#breadcrumb\",\"itemListElement\":[{\"@type\":\"ListItem\",\"position\":1,\"name\":\"Kezd\u0151lap\",\"item\":\"https:\/\/teszt.greenwoodsiofok.hu\/\"},{\"@type\":\"ListItem\",\"position\":2,\"name\":\"H\u00e1zirend\"}]},{\"@type\":\"WebSite\",\"@id\":\"https:\/\/teszt.greenwoodsiofok.hu\/#website\",\"url\":\"https:\/\/teszt.greenwoodsiofok.hu\/\",\"name\":\"Greenwood Si\u00f3fok\",\"description\":\"\",\"publisher\":{\"@id\":\"https:\/\/teszt.greenwoodsiofok.hu\/#organization\"},\"potentialAction\":[{\"@type\":\"SearchAction\",\"target\":{\"@type\":\"EntryPoint\",\"urlTemplate\":\"https:\/\/teszt.greenwoodsiofok.hu\/?s={search_term_string}\"},\"query-input\":{\"@type\":\"PropertyValueSpecification\",\"valueRequired\":true,\"valueName\":\"search_term_string\"}}],\"inLanguage\":\"en-GB\"},{\"@type\":\"Organization\",\"@id\":\"https:\/\/teszt.greenwoodsiofok.hu\/#organization\",\"name\":\"Greenwood Si\u00f3fok vend\u00e9gh\u00e1z\",\"url\":\"https:\/\/teszt.greenwoodsiofok.hu\/\",\"logo\":{\"@type\":\"ImageObject\",\"inLanguage\":\"en-GB\",\"@id\":\"https:\/\/teszt.greenwoodsiofok.hu\/#\/schema\/logo\/image\/\",\"url\":\"https:\/\/teszt.greenwoodsiofok.hu\/wp-content\/uploads\/2025\/03\/GreenWoodSiofok_Main_Final.png\",\"contentUrl\":\"https:\/\/teszt.greenwoodsiofok.hu\/wp-content\/uploads\/2025\/03\/GreenWoodSiofok_Main_Final.png\",\"width\":1024,\"height\":1024,\"caption\":\"Greenwood Si\u00f3fok vend\u00e9gh\u00e1z\"},\"image\":{\"@id\":\"https:\/\/teszt.greenwoodsiofok.hu\/#\/schema\/logo\/image\/\"},\"sameAs\":[\"https:\/\/www.facebook.com\/greenwoodsiofok\"]}]}<\/script>\n<!-- \/ Yoast SEO Premium plugin. -->","yoast_head_json":{"title":"H\u00e1zirend - Greenwood Si\u00f3fok","description":"Ismerd meg vend\u00e9gh\u00e1zunk h\u00e1zirendj\u00e9t! Fontos tudnival\u00f3k a foglal\u00e1sr\u00f3l, kis\u00e1llatok elhelyez\u00e9s\u00e9r\u0151l \u00e9s a nyugodt pihen\u00e9s felt\u00e9teleir\u0151l.","robots":{"index":"index","follow":"follow","max-snippet":"max-snippet:-1","max-image-preview":"max-image-preview:large","max-video-preview":"max-video-preview:-1"},"canonical":"https:\/\/teszt.greenwoodsiofok.hu\/en\/hazirend\/","og_locale":"en_GB","og_type":"article","og_title":"H\u00e1zirend","og_description":"Ismerd meg vend\u00e9gh\u00e1zunk h\u00e1zirendj\u00e9t! Fontos tudnival\u00f3k a foglal\u00e1sr\u00f3l, kis\u00e1llatok elhelyez\u00e9s\u00e9r\u0151l \u00e9s a nyugodt pihen\u00e9s felt\u00e9teleir\u0151l.","og_url":"https:\/\/teszt.greenwoodsiofok.hu\/en\/hazirend\/","og_site_name":"Greenwood Si\u00f3fok","article_publisher":"https:\/\/www.facebook.com\/greenwoodsiofok","article_modified_time":"2025-03-22T23:07:25+00:00","twitter_card":"summary_large_image","twitter_misc":{"Estimated reading time":"3 minutes"},"schema":{"@context":"https:\/\/schema.org","@graph":[{"@type":"WebPage","@id":"https:\/\/teszt.greenwoodsiofok.hu\/hazirend\/","url":"https:\/\/teszt.greenwoodsiofok.hu\/hazirend\/","name":"H\u00e1zirend - Greenwood Si\u00f3fok","isPartOf":{"@id":"https:\/\/teszt.greenwoodsiofok.hu\/#website"},"datePublished":"2025-03-04T12:49:04+00:00","dateModified":"2025-03-22T23:07:25+00:00","description":"Ismerd meg vend\u00e9gh\u00e1zunk h\u00e1zirendj\u00e9t! Fontos tudnival\u00f3k a foglal\u00e1sr\u00f3l, kis\u00e1llatok elhelyez\u00e9s\u00e9r\u0151l \u00e9s a nyugodt pihen\u00e9s felt\u00e9teleir\u0151l.","breadcrumb":{"@id":"https:\/\/teszt.greenwoodsiofok.hu\/hazirend\/#breadcrumb"},"inLanguage":"en-GB","potentialAction":[{"@type":"ReadAction","target":["https:\/\/teszt.greenwoodsiofok.hu\/hazirend\/"]}]},{"@type":"BreadcrumbList","@id":"https:\/\/teszt.greenwoodsiofok.hu\/hazirend\/#breadcrumb","itemListElement":[{"@type":"ListItem","position":1,"name":"Kezd\u0151lap","item":"https:\/\/teszt.greenwoodsiofok.hu\/"},{"@type":"ListItem","position":2,"name":"H\u00e1zirend"}]},{"@type":"WebSite","@id":"https:\/\/teszt.greenwoodsiofok.hu\/#website","url":"https:\/\/teszt.greenwoodsiofok.hu\/","name":"Greenwood Si\u00f3fok","description":"","publisher":{"@id":"https:\/\/teszt.greenwoodsiofok.hu\/#organization"},"potentialAction":[{"@type":"SearchAction","target":{"@type":"EntryPoint","urlTemplate":"https:\/\/teszt.greenwoodsiofok.hu\/?s={search_term_string}"},"query-input":{"@type":"PropertyValueSpecification","valueRequired":true,"valueName":"search_term_string"}}],"inLanguage":"en-GB"},{"@type":"Organization","@id":"https:\/\/teszt.greenwoodsiofok.hu\/#organization","name":"Greenwood Si\u00f3fok vend\u00e9gh\u00e1z","url":"https:\/\/teszt.greenwoodsiofok.hu\/","logo":{"@type":"ImageObject","inLanguage":"en-GB","@id":"https:\/\/teszt.greenwoodsiofok.hu\/#\/schema\/logo\/image\/","url":"https:\/\/teszt.greenwoodsiofok.hu\/wp-content\/uploads\/2025\/03\/GreenWoodSiofok_Main_Final.png","contentUrl":"https:\/\/teszt.greenwoodsiofok.hu\/wp-content\/uploads\/2025\/03\/GreenWoodSiofok_Main_Final.png","width":1024,"height":1024,"caption":"Greenwood Si\u00f3fok vend\u00e9gh\u00e1z"},"image":{"@id":"https:\/\/teszt.greenwoodsiofok.hu\/#\/schema\/logo\/image\/"},"sameAs":["https:\/\/www.facebook.com\/greenwoodsiofok"]}]}},"_links":{"self":[{"href":"https:\/\/teszt.greenwoodsiofok.hu\/en\/wp-json\/wp\/v2\/pages\/47","targetHints":{"allow":["GET"]}}],"collection":[{"href":"https:\/\/teszt.greenwoodsiofok.hu\/en\/wp-json\/wp\/v2\/pages"}],"about":[{"href":"https:\/\/teszt.greenwoodsiofok.hu\/en\/wp-json\/wp\/v2\/types\/page"}],"author":[{"embeddable":true,"href":"https:\/\/teszt.greenwoodsiofok.hu\/en\/wp-json\/wp\/v2\/users\/1"}],"replies":[{"embeddable":true,"href":"https:\/\/teszt.greenwoodsiofok.hu\/en\/wp-json\/wp\/v2\/comments?post=47"}],"version-history":[{"count":41,"href":"https:\/\/teszt.greenwoodsiofok.hu\/en\/wp-json\/wp\/v2\/pages\/47\/revisions"}],"predecessor-version":[{"id":879,"href":"https:\/\/teszt.greenwoodsiofok.hu\/en\/wp-json\/wp\/v2\/pages\/47\/revisions\/879"}],"wp:attachment":[{"href":"https:\/\/teszt.greenwoodsiofok.hu\/en\/wp-json\/wp\/v2\/media?parent=47"}],"curies":[{"name":"wp","href":"https:\/\/api.w.org\/{rel}","templated":true}]}}