{"id":47,"date":"2025-03-04T13:49:04","date_gmt":"2025-03-04T12:49:04","guid":{"rendered":"http:\/\/teszt.greenwoodsiofok.hu\/careers\/"},"modified":"2025-03-23T00:07:25","modified_gmt":"2025-03-22T23:07:25","slug":"hazirend","status":"publish","type":"page","link":"https:\/\/teszt.greenwoodsiofok.hu\/de\/hazirend\/","title":{"rendered":"Hausordnung"},"content":{"rendered":"<div data-elementor-type=\"wp-post\" data-elementor-id=\"47\" class=\"elementor elementor-47\" data-elementor-post-type=\"page\">\n\t\t\t\t\t\t<section class=\"elementor-section elementor-top-section elementor-element elementor-element-03e0810 elementor-section-height-min-height elementor-section-boxed elementor-section-height-default elementor-section-items-middle\" data-id=\"03e0810\" data-element_type=\"section\" data-settings=\"{&quot;background_background&quot;:&quot;classic&quot;}\">\n\t\t\t\t\t\t<div class=\"elementor-container elementor-column-gap-default\">\n\t\t\t\t\t<div class=\"elementor-column elementor-col-100 elementor-top-column elementor-element elementor-element-c6663a2\" data-id=\"c6663a2\" data-element_type=\"column\">\n\t\t\t<div class=\"elementor-widget-wrap elementor-element-populated\">\n\t\t\t\t\t\t<div class=\"elementor-element elementor-element-0f84979 elementor-widget elementor-widget-theme-site-logo elementor-widget-image\" data-id=\"0f84979\" data-element_type=\"widget\" data-widget_type=\"theme-site-logo.default\">\n\t\t\t\t<div class=\"elementor-widget-container\">\n\t\t\t\t\t\t\t\t\t\t\t<a href=\"https:\/\/teszt.greenwoodsiofok.hu\/de\">\n\t\t\t<img fetchpriority=\"high\" decoding=\"async\" width=\"1024\" height=\"1024\" src=\"https:\/\/teszt.greenwoodsiofok.hu\/wp-content\/uploads\/2025\/03\/GreenWoodSiofok_Main_Final.png\" class=\"attachment-full size-full wp-image-944\" alt=\"\" srcset=\"https:\/\/teszt.greenwoodsiofok.hu\/wp-content\/uploads\/2025\/03\/GreenWoodSiofok_Main_Final.png 1024w, https:\/\/teszt.greenwoodsiofok.hu\/wp-content\/uploads\/2025\/03\/GreenWoodSiofok_Main_Final-300x300.png 300w, https:\/\/teszt.greenwoodsiofok.hu\/wp-content\/uploads\/2025\/03\/GreenWoodSiofok_Main_Final-150x150.png 150w, https:\/\/teszt.greenwoodsiofok.hu\/wp-content\/uploads\/2025\/03\/GreenWoodSiofok_Main_Final-768x768.png 768w, https:\/\/teszt.greenwoodsiofok.hu\/wp-content\/uploads\/2025\/03\/GreenWoodSiofok_Main_Final-12x12.png 12w\" sizes=\"(max-width: 1024px) 100vw, 1024px\" \/>\t\t\t\t<\/a>\n\t\t\t\t\t\t\t\t\t\t\t<\/div>\n\t\t\t\t<\/div>\n\t\t\t\t<div class=\"elementor-element elementor-element-4882521 elementor-widget-divider--view-line elementor-widget elementor-widget-divider\" data-id=\"4882521\" data-element_type=\"widget\" data-widget_type=\"divider.default\">\n\t\t\t\t<div class=\"elementor-widget-container\">\n\t\t\t\t\t\t\t<div class=\"elementor-divider\">\n\t\t\t<span class=\"elementor-divider-separator\">\n\t\t\t\t\t\t<\/span>\n\t\t<\/div>\n\t\t\t\t\t\t<\/div>\n\t\t\t\t<\/div>\n\t\t\t\t<div class=\"elementor-element elementor-element-5c799f2 elementor-widget elementor-widget-heading\" data-id=\"5c799f2\" data-element_type=\"widget\" data-widget_type=\"heading.default\">\n\t\t\t\t<div class=\"elementor-widget-container\">\n\t\t\t\t\t<h2 class=\"elementor-heading-title elementor-size-default\">HAUSORDNUNG<\/h2>\t\t\t\t<\/div>\n\t\t\t\t<\/div>\n\t\t\t\t\t<\/div>\n\t\t<\/div>\n\t\t\t\t\t<\/div>\n\t\t<\/section>\n\t\t\t\t<section class=\"elementor-section elementor-top-section elementor-element elementor-element-1391a173 elementor-section-boxed elementor-section-height-default elementor-section-height-default\" data-id=\"1391a173\" data-element_type=\"section\">\n\t\t\t\t\t\t<div class=\"elementor-container elementor-column-gap-default\">\n\t\t\t\t\t<div class=\"elementor-column elementor-col-100 elementor-top-column elementor-element elementor-element-44a58cd0\" data-id=\"44a58cd0\" data-element_type=\"column\">\n\t\t\t<div class=\"elementor-widget-wrap elementor-element-populated\">\n\t\t\t\t\t\t<div class=\"elementor-element elementor-element-5a4217c0 elementor-widget elementor-widget-heading\" data-id=\"5a4217c0\" data-element_type=\"widget\" data-widget_type=\"heading.default\">\n\t\t\t\t<div class=\"elementor-widget-container\">\n\t\t\t\t\t<h4 class=\"elementor-heading-title elementor-size-default\">Wichtige Informationen<\/h4>\t\t\t\t<\/div>\n\t\t\t\t<\/div>\n\t\t\t\t<div class=\"elementor-element elementor-element-5d9fe9b0 elementor-widget elementor-widget-heading\" data-id=\"5d9fe9b0\" data-element_type=\"widget\" data-widget_type=\"heading.default\">\n\t\t\t\t<div class=\"elementor-widget-container\">\n\t\t\t\t\t<h2 class=\"elementor-heading-title elementor-size-default\">Willkommen im GreenWood Guesthouse!<\/h2>\t\t\t\t<\/div>\n\t\t\t\t<\/div>\n\t\t\t\t<div class=\"elementor-element elementor-element-12ea909 elementor-widget elementor-widget-text-editor\" data-id=\"12ea909\" data-element_type=\"widget\" data-widget_type=\"text-editor.default\">\n\t\t\t\t<div class=\"elementor-widget-container\">\n\t\t\t\t\t\t\t\t\t<p>Unser Ziel ist es, Ihre Entspannung zu gew\u00e4hrleisten und Missverst\u00e4ndnisse zu vermeiden. Machen Sie sich daher bitte mit unseren Richtlinien vertraut!<\/p><p>Mit Ihrer Reservierung erkl\u00e4ren Sie, dass Sie die Richtlinien gelesen und verstanden haben und dass Sie sie f\u00fcr sich und Ihre Mitreisenden als verbindlich anerkennen.<\/p><p><i>Wir betreiben unser G\u00e4stehaus als Privatunterkunft.<\/i><\/p><ol><li><p>Bei der Ankunft m\u00fcssen die G\u00e4ste dem Gastgeber ihre pers\u00f6nlichen Dokumente (Reisepass oder Personalausweis, Adresskarte) und den vor Ort zu zahlenden Betrag zur Identifizierung aush\u00e4ndigen. Die G\u00e4ste k\u00f6nnen erst nach Zahlung des vollen Teilnahmebetrags Zimmer buchen!<\/p><\/li><li><p>Die volle Teilnahmegeb\u00fchr gilt f\u00fcr die im Voraus gebuchten Tage, falls Sie sich entscheiden, Ihren Aufenthalt fr\u00fcher zu stornieren, k\u00f6nnen wir Ihnen das Geld nicht zur\u00fcckerstatten!<\/p><\/li><li><p>Zahlungsm\u00f6glichkeiten: Bargeld, Kreditkarte, SZ\u00c9P-Karte. Die Kurtaxe kann nicht mit der SZ\u00c9P-Karte bezahlt werden!<\/p><\/li><li><p>Die Unterkunft kann zwischen 14.00 und 20.00 Uhr am Anreisetag gebucht werden. Sollten Sie sp\u00e4ter anreisen, informieren Sie uns bitte telefonisch!<\/p><\/li><li><p>Sie m\u00fcssen die Unterkunft am Abreisetag bis 10:00 Uhr verlassen!<\/p><\/li><li><p>Der Betreiber steht den G\u00e4sten bei Ankunft und Abreise zur Verf\u00fcgung!<\/p><\/li><li><p>Au\u00dferdem erhalten die G\u00e4ste bei ihrer Ankunft einen Zimmer- und einen Torschl\u00fcssel, so dass sie sich frei bewegen k\u00f6nnen. Am Tag der Abreise lassen Sie den Schl\u00fcssel bitte vor der Zimmert\u00fcr liegen!<\/p><\/li><li><p>Bei Verlust der Schl\u00fcssel ist der Gast verpflichtet, uns sofort zu informieren und die Kosten zu erstatten!<\/p><\/li><li><p>Das Parken ist f\u00fcr G\u00e4ste kostenlos!<\/p><\/li><li><p>Nur G\u00e4ste, deren Daten in unserem System erfasst sind, d\u00fcrfen in der Unterkunft \u00fcbernachten!<\/p><\/li><li><p>Mit R\u00fccksicht auf das Ruhegebot und unsere anderen G\u00e4ste bitten wir Sie, l\u00e4rmende Aktivit\u00e4ten zu unterlassen! Wir bitten Sie auch, sich bei Ihrer n\u00e4chtlichen oder morgendlichen Heimkehr leise im Geb\u00e4ude zu bewegen und auf die Ruhe der anderen R\u00fccksicht zu nehmen!<\/p><\/li><li><p>No smoking in our rooms, only in the courtyard, no smoking in windows! (All alternative tobacco products apply!) Please dispose of cigarette butts in the ashtrays provided for this purpose.<\/p><\/li><li><p>Tiere sind nur mit Erlaubnis des Eigent\u00fcmers und gegen eine Geb\u00fchr im Voraus erlaubt.<\/p><\/li><li><p>Wir sind nicht verantwortlich f\u00fcr pers\u00f6nliche Gegenst\u00e4nde, die in den Zimmern zur\u00fcckgelassen werden!<\/p><\/li><li><p>Bitte halten Sie das Haus sauber, gehen Sie sorgsam mit der Ausstattung um und nehmen Sie diese nicht aus dem Zimmer (z.B. Handt\u00fccher, Kissen, Decken).<\/p><\/li><li><p>Wenn Sie die Zimmer verlassen, stellen Sie bitte das Wasser, den Strom und die Klimaanlage ab, schlie\u00dfen Sie die Fenster und verriegeln Sie die T\u00fcr.<\/p><\/li><li><p>Es ist verboten, brennbare Materialien oder Ger\u00e4te in die R\u00e4ume zu bringen!<\/p><\/li><li><p>Sch\u00e4den, die auf dem Gel\u00e4nde des Beherbergungsbetriebs verursacht werden, m\u00fcssen von der Person, die den Schaden verursacht hat, oder ihrem gesetzlichen Vertreter ersetzt werden.<\/p><\/li><li><p>Wir behalten uns das Recht vor, unsere G\u00e4ste auszuw\u00e4hlen. Wir akzeptieren keine betrunkenen oder aggressiven G\u00e4ste!<\/p><\/li><li><p>Das Wifi ist kostenlos, das Passwort lautet: Greenwood23<\/p><\/li><li><p>Dienstleistungen auf Anfrage beim Betreiber: B\u00fcgeleisen, B\u00fcgelbrett.<\/p><\/li><li><p>Der Eigent\u00fcmer hat das Recht, die Unterkunft zu stornieren, wenn der Gast die Hausordnung nicht einh\u00e4lt!<\/p><\/li><li><p>Im Falle der Nichteinhaltung kann die Unterkunft storniert werden. In diesem Fall k\u00f6nnen wir die verbleibenden Tage nicht erstatten!<\/p><\/li><li><p>Mit der Nutzung der Unterkunft wird davon ausgegangen, dass der Gast die Bedingungen der Hausordnung gelesen, verstanden und akzeptiert hat!<\/p><\/li><li><p>Bei l\u00e4ngeren Aufenthalten ist ein W\u00e4schewechsel- und Reinigungsservice vorgesehen!<\/p><\/li><\/ol><p>Wenn Sie mit den erbrachten Dienstleistungen zufrieden sind, schreiben Sie bitte eine Bewertung auf unserer Online-Bewertungsseite. Alle Beschwerden werden ber\u00fccksichtigt und pers\u00f6nlich w\u00e4hrend der Gesch\u00e4ftszeiten von 09:00 bis 20:00 Uhr bearbeitet.\u00a0<\/p><p>Genie\u00dfen Sie Ihren Aufenthalt und erholen Sie sich gut!<\/p><p>Andr\u00e1ssy G\u00e1bor und L\u00edvia<\/p><p>0-24 Hotline: +36 20 2099360<\/p>\t\t\t\t\t\t\t\t<\/div>\n\t\t\t\t<\/div>\n\t\t\t\t\t<\/div>\n\t\t<\/div>\n\t\t\t\t\t<\/div>\n\t\t<\/section>\n\t\t\t\t<\/div>","protected":false},"excerpt":{"rendered":"<p>H\u00c1ZIREND Fontos tudnival\u00f3k \u00dcdv\u00f6z\u00f6lj\u00fck a GreenWood Vend\u00e9gh\u00e1zban! C\u00e9lunk, hogy biztos\u00edtsuk az \u00d6n kellemes pihen\u00e9s\u00e9t \u00e9s elker\u00fclj\u00fck az esetleges f\u00e9lre\u00e9rt\u00e9seket, ez\u00e9rt szeretn\u00e9nk, ha megismerkedne h\u00e1zirend\u00fcnkkel! A foglal\u00e1sn\u00e1l \u00d6n kijelenti, hogy a h\u00e1zirendet megismerte \u00e9s meg\u00e9rtette, azt mag\u00e1ra \u00e9s utast\u00e1rsaira n\u00e9zve is k\u00f6telez\u0151en elfogadja. A vend\u00e9gh\u00e1zunkat mag\u00e1nsz\u00e1ll\u00e1s keretein bel\u00fcl m\u0171k\u00f6dtetj\u00fck. \u00c9rkez\u00e9skor a vend\u00e9g k\u00f6teles a sz\u00e1ll\u00e1sad\u00f3nak \u00e1tadni [&hellip;]<\/p>","protected":false},"author":1,"featured_media":0,"parent":0,"menu_order":0,"comment_status":"closed","ping_status":"closed","template":"elementor_header_footer","meta":{"footnotes":""},"class_list":["post-47","page","type-page","status-publish","hentry"],"yoast_head":"<!-- This site is optimized with the Yoast SEO Premium plugin v24.7 (Yoast SEO v24.7) - https:\/\/yoast.com\/wordpress\/plugins\/seo\/ -->\n<title>H\u00e1zirend - Greenwood Si\u00f3fok<\/title>\n<meta name=\"description\" content=\"Ismerd meg vend\u00e9gh\u00e1zunk h\u00e1zirendj\u00e9t! Fontos tudnival\u00f3k a foglal\u00e1sr\u00f3l, kis\u00e1llatok elhelyez\u00e9s\u00e9r\u0151l \u00e9s a nyugodt pihen\u00e9s felt\u00e9teleir\u0151l.\" \/>\n<meta name=\"robots\" content=\"index, follow, max-snippet:-1, max-image-preview:large, max-video-preview:-1\" \/>\n<link rel=\"canonical\" href=\"https:\/\/teszt.greenwoodsiofok.hu\/de\/hazirend\/\" \/>\n<meta property=\"og:locale\" content=\"de_DE\" \/>\n<meta property=\"og:type\" content=\"article\" \/>\n<meta property=\"og:title\" content=\"H\u00e1zirend\" \/>\n<meta property=\"og:description\" content=\"Ismerd meg vend\u00e9gh\u00e1zunk h\u00e1zirendj\u00e9t! Fontos tudnival\u00f3k a foglal\u00e1sr\u00f3l, kis\u00e1llatok elhelyez\u00e9s\u00e9r\u0151l \u00e9s a nyugodt pihen\u00e9s felt\u00e9teleir\u0151l.\" \/>\n<meta property=\"og:url\" content=\"https:\/\/teszt.greenwoodsiofok.hu\/de\/hazirend\/\" \/>\n<meta property=\"og:site_name\" content=\"Greenwood Si\u00f3fok\" \/>\n<meta property=\"article:publisher\" content=\"https:\/\/www.facebook.com\/greenwoodsiofok\" \/>\n<meta property=\"article:modified_time\" content=\"2025-03-22T23:07:25+00:00\" \/>\n<meta name=\"twitter:card\" content=\"summary_large_image\" \/>\n<meta name=\"twitter:label1\" content=\"Gesch\u00e4tzte Lesezeit\" \/>\n\t<meta name=\"twitter:data1\" content=\"3\u00a0Minuten\" \/>\n<script type=\"application\/ld+json\" class=\"yoast-schema-graph\">{\"@context\":\"https:\/\/schema.org\",\"@graph\":[{\"@type\":\"WebPage\",\"@id\":\"https:\/\/teszt.greenwoodsiofok.hu\/hazirend\/\",\"url\":\"https:\/\/teszt.greenwoodsiofok.hu\/hazirend\/\",\"name\":\"H\u00e1zirend - Greenwood Si\u00f3fok\",\"isPartOf\":{\"@id\":\"https:\/\/teszt.greenwoodsiofok.hu\/#website\"},\"datePublished\":\"2025-03-04T12:49:04+00:00\",\"dateModified\":\"2025-03-22T23:07:25+00:00\",\"description\":\"Ismerd meg vend\u00e9gh\u00e1zunk h\u00e1zirendj\u00e9t! Fontos tudnival\u00f3k a foglal\u00e1sr\u00f3l, kis\u00e1llatok elhelyez\u00e9s\u00e9r\u0151l \u00e9s a nyugodt pihen\u00e9s felt\u00e9teleir\u0151l.\",\"breadcrumb\":{\"@id\":\"https:\/\/teszt.greenwoodsiofok.hu\/hazirend\/#breadcrumb\"},\"inLanguage\":\"de\",\"potentialAction\":[{\"@type\":\"ReadAction\",\"target\":[\"https:\/\/teszt.greenwoodsiofok.hu\/hazirend\/\"]}]},{\"@type\":\"BreadcrumbList\",\"@id\":\"https:\/\/teszt.greenwoodsiofok.hu\/hazirend\/#breadcrumb\",\"itemListElement\":[{\"@type\":\"ListItem\",\"position\":1,\"name\":\"Kezd\u0151lap\",\"item\":\"https:\/\/teszt.greenwoodsiofok.hu\/\"},{\"@type\":\"ListItem\",\"position\":2,\"name\":\"H\u00e1zirend\"}]},{\"@type\":\"WebSite\",\"@id\":\"https:\/\/teszt.greenwoodsiofok.hu\/#website\",\"url\":\"https:\/\/teszt.greenwoodsiofok.hu\/\",\"name\":\"Greenwood Si\u00f3fok\",\"description\":\"\",\"publisher\":{\"@id\":\"https:\/\/teszt.greenwoodsiofok.hu\/#organization\"},\"potentialAction\":[{\"@type\":\"SearchAction\",\"target\":{\"@type\":\"EntryPoint\",\"urlTemplate\":\"https:\/\/teszt.greenwoodsiofok.hu\/?s={search_term_string}\"},\"query-input\":{\"@type\":\"PropertyValueSpecification\",\"valueRequired\":true,\"valueName\":\"search_term_string\"}}],\"inLanguage\":\"de\"},{\"@type\":\"Organization\",\"@id\":\"https:\/\/teszt.greenwoodsiofok.hu\/#organization\",\"name\":\"Greenwood Si\u00f3fok vend\u00e9gh\u00e1z\",\"url\":\"https:\/\/teszt.greenwoodsiofok.hu\/\",\"logo\":{\"@type\":\"ImageObject\",\"inLanguage\":\"de\",\"@id\":\"https:\/\/teszt.greenwoodsiofok.hu\/#\/schema\/logo\/image\/\",\"url\":\"https:\/\/teszt.greenwoodsiofok.hu\/wp-content\/uploads\/2025\/03\/GreenWoodSiofok_Main_Final.png\",\"contentUrl\":\"https:\/\/teszt.greenwoodsiofok.hu\/wp-content\/uploads\/2025\/03\/GreenWoodSiofok_Main_Final.png\",\"width\":1024,\"height\":1024,\"caption\":\"Greenwood Si\u00f3fok vend\u00e9gh\u00e1z\"},\"image\":{\"@id\":\"https:\/\/teszt.greenwoodsiofok.hu\/#\/schema\/logo\/image\/\"},\"sameAs\":[\"https:\/\/www.facebook.com\/greenwoodsiofok\"]}]}<\/script>\n<!-- \/ Yoast SEO Premium plugin. -->","yoast_head_json":{"title":"H\u00e1zirend - Greenwood Si\u00f3fok","description":"Ismerd meg vend\u00e9gh\u00e1zunk h\u00e1zirendj\u00e9t! Fontos tudnival\u00f3k a foglal\u00e1sr\u00f3l, kis\u00e1llatok elhelyez\u00e9s\u00e9r\u0151l \u00e9s a nyugodt pihen\u00e9s felt\u00e9teleir\u0151l.","robots":{"index":"index","follow":"follow","max-snippet":"max-snippet:-1","max-image-preview":"max-image-preview:large","max-video-preview":"max-video-preview:-1"},"canonical":"https:\/\/teszt.greenwoodsiofok.hu\/de\/hazirend\/","og_locale":"de_DE","og_type":"article","og_title":"H\u00e1zirend","og_description":"Ismerd meg vend\u00e9gh\u00e1zunk h\u00e1zirendj\u00e9t! Fontos tudnival\u00f3k a foglal\u00e1sr\u00f3l, kis\u00e1llatok elhelyez\u00e9s\u00e9r\u0151l \u00e9s a nyugodt pihen\u00e9s felt\u00e9teleir\u0151l.","og_url":"https:\/\/teszt.greenwoodsiofok.hu\/de\/hazirend\/","og_site_name":"Greenwood Si\u00f3fok","article_publisher":"https:\/\/www.facebook.com\/greenwoodsiofok","article_modified_time":"2025-03-22T23:07:25+00:00","twitter_card":"summary_large_image","twitter_misc":{"Gesch\u00e4tzte Lesezeit":"3\u00a0Minuten"},"schema":{"@context":"https:\/\/schema.org","@graph":[{"@type":"WebPage","@id":"https:\/\/teszt.greenwoodsiofok.hu\/hazirend\/","url":"https:\/\/teszt.greenwoodsiofok.hu\/hazirend\/","name":"H\u00e1zirend - Greenwood Si\u00f3fok","isPartOf":{"@id":"https:\/\/teszt.greenwoodsiofok.hu\/#website"},"datePublished":"2025-03-04T12:49:04+00:00","dateModified":"2025-03-22T23:07:25+00:00","description":"Ismerd meg vend\u00e9gh\u00e1zunk h\u00e1zirendj\u00e9t! Fontos tudnival\u00f3k a foglal\u00e1sr\u00f3l, kis\u00e1llatok elhelyez\u00e9s\u00e9r\u0151l \u00e9s a nyugodt pihen\u00e9s felt\u00e9teleir\u0151l.","breadcrumb":{"@id":"https:\/\/teszt.greenwoodsiofok.hu\/hazirend\/#breadcrumb"},"inLanguage":"de","potentialAction":[{"@type":"ReadAction","target":["https:\/\/teszt.greenwoodsiofok.hu\/hazirend\/"]}]},{"@type":"BreadcrumbList","@id":"https:\/\/teszt.greenwoodsiofok.hu\/hazirend\/#breadcrumb","itemListElement":[{"@type":"ListItem","position":1,"name":"Kezd\u0151lap","item":"https:\/\/teszt.greenwoodsiofok.hu\/"},{"@type":"ListItem","position":2,"name":"H\u00e1zirend"}]},{"@type":"WebSite","@id":"https:\/\/teszt.greenwoodsiofok.hu\/#website","url":"https:\/\/teszt.greenwoodsiofok.hu\/","name":"Greenwood Si\u00f3fok","description":"","publisher":{"@id":"https:\/\/teszt.greenwoodsiofok.hu\/#organization"},"potentialAction":[{"@type":"SearchAction","target":{"@type":"EntryPoint","urlTemplate":"https:\/\/teszt.greenwoodsiofok.hu\/?s={search_term_string}"},"query-input":{"@type":"PropertyValueSpecification","valueRequired":true,"valueName":"search_term_string"}}],"inLanguage":"de"},{"@type":"Organization","@id":"https:\/\/teszt.greenwoodsiofok.hu\/#organization","name":"Greenwood Si\u00f3fok vend\u00e9gh\u00e1z","url":"https:\/\/teszt.greenwoodsiofok.hu\/","logo":{"@type":"ImageObject","inLanguage":"de","@id":"https:\/\/teszt.greenwoodsiofok.hu\/#\/schema\/logo\/image\/","url":"https:\/\/teszt.greenwoodsiofok.hu\/wp-content\/uploads\/2025\/03\/GreenWoodSiofok_Main_Final.png","contentUrl":"https:\/\/teszt.greenwoodsiofok.hu\/wp-content\/uploads\/2025\/03\/GreenWoodSiofok_Main_Final.png","width":1024,"height":1024,"caption":"Greenwood Si\u00f3fok vend\u00e9gh\u00e1z"},"image":{"@id":"https:\/\/teszt.greenwoodsiofok.hu\/#\/schema\/logo\/image\/"},"sameAs":["https:\/\/www.facebook.com\/greenwoodsiofok"]}]}},"_links":{"self":[{"href":"https:\/\/teszt.greenwoodsiofok.hu\/de\/wp-json\/wp\/v2\/pages\/47","targetHints":{"allow":["GET"]}}],"collection":[{"href":"https:\/\/teszt.greenwoodsiofok.hu\/de\/wp-json\/wp\/v2\/pages"}],"about":[{"href":"https:\/\/teszt.greenwoodsiofok.hu\/de\/wp-json\/wp\/v2\/types\/page"}],"author":[{"embeddable":true,"href":"https:\/\/teszt.greenwoodsiofok.hu\/de\/wp-json\/wp\/v2\/users\/1"}],"replies":[{"embeddable":true,"href":"https:\/\/teszt.greenwoodsiofok.hu\/de\/wp-json\/wp\/v2\/comments?post=47"}],"version-history":[{"count":41,"href":"https:\/\/teszt.greenwoodsiofok.hu\/de\/wp-json\/wp\/v2\/pages\/47\/revisions"}],"predecessor-version":[{"id":879,"href":"https:\/\/teszt.greenwoodsiofok.hu\/de\/wp-json\/wp\/v2\/pages\/47\/revisions\/879"}],"wp:attachment":[{"href":"https:\/\/teszt.greenwoodsiofok.hu\/de\/wp-json\/wp\/v2\/media?parent=47"}],"curies":[{"name":"wp","href":"https:\/\/api.w.org\/{rel}","templated":true}]}}